{"id":725,"date":"2011-10-16T20:41:17","date_gmt":"2011-10-16T20:41:17","guid":{"rendered":"http:\/\/sandro.arcioni.ch\/?page_id=725"},"modified":"2011-10-16T21:00:23","modified_gmt":"2011-10-16T21:00:23","slug":"prises-de-positions-forum","status":"publish","type":"page","link":"http:\/\/sandro.arcioni.ch\/?page_id=725","title":{"rendered":"Prises de positions \/ Forum"},"content":{"rendered":"<p><a href=\"http:\/\/latele.ch\/lateleencampagne\" target=\"_blank\">La Tele : Emission &#8220;La T\u00e9l\u00e9 en campagne&#8221; du 16 octobre 2011, 18h35<\/a><\/p>\n<p><a href=\"http:\/\/sandro.arcioni.ch\/wp-content\/uploads\/sandro.arcioni.ch\/2011\/10\/Image-8.png\"><img loading=\"lazy\" decoding=\"async\" class=\"alignleft size-full wp-image-729\" title=\"Image 8\" src=\"http:\/\/sandro.arcioni.ch\/wp-content\/uploads\/sandro.arcioni.ch\/2011\/10\/Image-8.png\" alt=\"\" width=\"639\" height=\"357\" srcset=\"http:\/\/sandro.arcioni.ch\/wp-content\/uploads\/\/sandro.arcioni.ch\/2011\/10\/Image-8.png 639w, http:\/\/sandro.arcioni.ch\/wp-content\/uploads\/\/sandro.arcioni.ch\/2011\/10\/Image-8-300x167.png 300w\" sizes=\"auto, (max-width: 639px) 100vw, 639px\" \/><\/a><\/p>\n<p><a href=\"http:\/\/sandro.arcioni.ch\/wp-content\/uploads\/sandro.arcioni.ch\/2011\/10\/Image-6.jpg\"><img loading=\"lazy\" decoding=\"async\" class=\"alignleft size-full wp-image-726\" title=\"Image 6\" src=\"http:\/\/sandro.arcioni.ch\/wp-content\/uploads\/sandro.arcioni.ch\/2011\/10\/Image-6.jpg\" alt=\"\" width=\"635\" height=\"344\" srcset=\"http:\/\/sandro.arcioni.ch\/wp-content\/uploads\/\/sandro.arcioni.ch\/2011\/10\/Image-6.jpg 635w, http:\/\/sandro.arcioni.ch\/wp-content\/uploads\/\/sandro.arcioni.ch\/2011\/10\/Image-6-300x162.jpg 300w\" sizes=\"auto, (max-width: 635px) 100vw, 635px\" \/><\/a><\/p>\n<p>&nbsp;<\/p>\n<p><a href=\"http:\/\/www.radiofr.ch\/fileadmin\/templates\/xcib_radiofr\/popup.php?autoplay=1&amp;file=fileadmin\/podcasts\/FR\/emissions\/2011_10_13_1901_Effervescence,%20le%20magazine%20de%20l%27info.mp3\" target=\"_blank\">Radio Fribourg durant la Foire de Fribourg, \u00e9mission du 13 octobre 2011 : Effervescence, le magazine de l&#8217;info &#8211; Conseil national, le grand d\u00e9bat<\/a><\/p>\n<p><strong>Kernkraftwerke \u2013 sensible Punkte<\/strong><\/p>\n<p>F\u00fcr gewisse Leute ist es einfach, den Ausstieg aus der Nukleartechnik zu Abstimmungszwecken zu missbrauchen. Aber, wie steht es wirklich um die Sicherheit unserer Kernkraftwerke?<\/p>\n<p>In dieser Hinsicht ist uns in den letzten Monaten, in Form eines Computerwurmes, bekannt unter dem Namen Stuxnet, ein sehr konkretes Risiko vor Augen gef\u00fchrt worden. Letzterer, vermutlich gezielt auf die iranischen Nuklearprogramme gem\u00fcnzt, zeigte seine Wirkung auch auf anderen kritischen Industriesystemen. Dieser Computerwurm lebt weiter, vermehrt sich und richtet Sch\u00e4den an. Es ist h\u00f6chste Zeit, dass die industriellen kritischen Infrastrukturen in der Schweiz, insbesondere die Kernkraftwerke, gesch\u00fctzt werden, um nicht ungewollte Zielscheibe solcher Angriffe zu werden.<\/p>\n<p>Das Problem ist umso schlimmer, wo nun Hacker sich Zugriff auf die E-Mails der HBGary (eine amerikanische Sicherheitsfirma) verschaffen konnten und den Stuxnet Code entwenden konnten. Dieser ist nun frei verf\u00fcgbar und die Hypothese, auf eine abge\u00e4nderte Form des Stuxnet zu treffen kann somit nicht ausgeschlossen werden. Der am 26. Juli 2011 dem amerikanischen Parlament pr\u00e4sentierte Bericht weist ausdr\u00fccklich auf diese Gefahr hin.<\/p>\n<p>Dies beweist einmal mehr, dass wir uns mit der Art wie die Eidgenossenschaft die Betreiber kritischer Infrastrukturen in der Abwehr von Cyber-Gefahren unterst\u00fctzen kann befassen m\u00fcssen. Diese Reflexion ist dringend n\u00f6tig, um der Hypothese eines Stuxnet 2.0 fr\u00fchzeitig entgegen wirken zu k\u00f6nnen.<\/p>\n<p>Dringendes Handeln ist unabdingbar und sehr wohl m\u00f6glich. Eine h\u00f6chst innovative Schweizer Firma hat zum Beispiel \u00f6ffentlich die F\u00e4higkeit, mit Ihrer Technologie Stuxnet aufgrund des Verhaltens identifizieren und diesen abzuwehren zu k\u00f6nnen, aufgezeigt.<\/p>\n<p>Es handelt sich um eine strategische Herausforderung f\u00fcr das Land und diese sollte nicht auf die leichte Schulter genommen werden.<\/p>\n<p>Sandro Arcioni<\/p>\n<p>La T\u00e9l\u00e9 Vaud\/Fribourg : <a href=\"http:\/\/www.latele.ch\/electionsfederales\" target=\"_blank\">Emission sur les \u00e9lections f\u00e9d\u00e9rales dans le canton de Fribourg du 29 septembre 2011<\/a> :<\/p>\n<p><a href=\"http:\/\/sandro.arcioni.ch\/wp-content\/uploads\/sandro.arcioni.ch\/2011\/09\/Image-131.png\"><img loading=\"lazy\" decoding=\"async\" title=\"Image 13\" src=\"http:\/\/sandro.arcioni.ch\/wp-content\/uploads\/sandro.arcioni.ch\/2011\/09\/Image-131.png\" alt=\"\" width=\"389\" height=\"116\" \/><\/a><\/p>\n<p><a href=\"http:\/\/sandro.arcioni.ch\/wp-content\/uploads\/sandro.arcioni.ch\/2011\/09\/Image-111.png\"><img loading=\"lazy\" decoding=\"async\" title=\"Image 11\" src=\"http:\/\/sandro.arcioni.ch\/wp-content\/uploads\/sandro.arcioni.ch\/2011\/09\/Image-111.png\" alt=\"\" width=\"656\" height=\"369\" \/><\/a><\/p>\n<p>&nbsp;<\/p>\n<p><a href=\"http:\/\/sandro.arcioni.ch\/wp-content\/uploads\/sandro.arcioni.ch\/2011\/09\/Image-41.png\"><img loading=\"lazy\" decoding=\"async\" title=\"Image 4\" src=\"http:\/\/sandro.arcioni.ch\/wp-content\/uploads\/sandro.arcioni.ch\/2011\/09\/Image-41-300x168.png\" alt=\"\" width=\"300\" height=\"168\" \/><\/a><\/p>\n<p>&nbsp;<\/p>\n<p>&nbsp;<\/p>\n<p>&nbsp;<\/p>\n<p><a href=\"http:\/\/sandro.arcioni.ch\/wp-content\/uploads\/sandro.arcioni.ch\/2011\/09\/Image-121.png\"><img loading=\"lazy\" decoding=\"async\" title=\"Image 12\" src=\"http:\/\/sandro.arcioni.ch\/wp-content\/uploads\/sandro.arcioni.ch\/2011\/09\/Image-121-300x169.png\" alt=\"\" width=\"300\" height=\"169\" \/><\/a><\/p>\n<p><a href=\"http:\/\/sandro.arcioni.ch\/wp-content\/uploads\/sandro.arcioni.ch\/2011\/09\/Image-62.png\"><img loading=\"lazy\" decoding=\"async\" title=\"Image 6\" src=\"http:\/\/sandro.arcioni.ch\/wp-content\/uploads\/sandro.arcioni.ch\/2011\/09\/Image-62.png\" alt=\"\" width=\"585\" height=\"473\" \/><\/a><\/p>\n<p>&nbsp;<\/p>\n<p>&nbsp;<\/p>\n<p>&nbsp;<\/p>\n<p>&nbsp;<\/p>\n<p>&nbsp;<\/p>\n<p>Libert\u00e9 du 30 septembre\u00a02011 : Forum : &#8221; Peut-on laisser nos ain\u00e9s de c\u00f4t\u00e9 ?&#8221; :<\/p>\n<p>L&#8217;Hebdo du 22 septembre 2011 : Courrier du lecteur : &#8220;Ver informatique, \u00e0 propos de la sortie du nucl\u00e9aire&#8221;<\/p>\n<p><a href=\"http:\/\/sandro.arcioni.ch\/wp-content\/uploads\/sandro.arcioni.ch\/2011\/09\/Image-71.png\"><img loading=\"lazy\" decoding=\"async\" title=\"Image 7\" src=\"http:\/\/sandro.arcioni.ch\/wp-content\/uploads\/sandro.arcioni.ch\/2011\/09\/Image-71.png\" alt=\"\" width=\"788\" height=\"1022\" \/><\/a><\/p>\n<p>La Gruy\u00e8re du 13 septembre 2011 : Tribune libre : &#8220;Le danger d&#8217;un ver informatique&#8221; :<\/p>\n<p><a href=\"http:\/\/sandro.arcioni.ch\/wp-content\/uploads\/sandro.arcioni.ch\/2011\/09\/Image-5.png\"><img loading=\"lazy\" decoding=\"async\" title=\"Image 5\" src=\"http:\/\/sandro.arcioni.ch\/wp-content\/uploads\/sandro.arcioni.ch\/2011\/09\/Image-5.png\" alt=\"\" width=\"505\" height=\"935\" \/><\/a><\/p>\n<p>&nbsp;<\/p>\n","protected":false},"excerpt":{"rendered":"<p>La Tele : Emission &#8220;La T\u00e9l\u00e9 en campagne&#8221; du 16 octobre 2011, 18h35 &nbsp; Radio Fribourg durant la Foire de Fribourg, \u00e9mission du 13 octobre 2011 : Effervescence, le magazine de l&#8217;info &#8211; Conseil national, le grand d\u00e9bat Kernkraftwerke \u2013 &hellip; <a href=\"http:\/\/sandro.arcioni.ch\/?page_id=725\">Continue reading <span class=\"meta-nav\">&rarr;<\/span><\/a><\/p>\n","protected":false},"author":1,"featured_media":0,"parent":0,"menu_order":19,"comment_status":"closed","ping_status":"closed","template":"","meta":{"footnotes":""},"class_list":["post-725","page","type-page","status-publish","hentry"],"_links":{"self":[{"href":"http:\/\/sandro.arcioni.ch\/index.php?rest_route=\/wp\/v2\/pages\/725","targetHints":{"allow":["GET"]}}],"collection":[{"href":"http:\/\/sandro.arcioni.ch\/index.php?rest_route=\/wp\/v2\/pages"}],"about":[{"href":"http:\/\/sandro.arcioni.ch\/index.php?rest_route=\/wp\/v2\/types\/page"}],"author":[{"embeddable":true,"href":"http:\/\/sandro.arcioni.ch\/index.php?rest_route=\/wp\/v2\/users\/1"}],"replies":[{"embeddable":true,"href":"http:\/\/sandro.arcioni.ch\/index.php?rest_route=%2Fwp%2Fv2%2Fcomments&post=725"}],"version-history":[{"count":4,"href":"http:\/\/sandro.arcioni.ch\/index.php?rest_route=\/wp\/v2\/pages\/725\/revisions"}],"predecessor-version":[{"id":728,"href":"http:\/\/sandro.arcioni.ch\/index.php?rest_route=\/wp\/v2\/pages\/725\/revisions\/728"}],"wp:attachment":[{"href":"http:\/\/sandro.arcioni.ch\/index.php?rest_route=%2Fwp%2Fv2%2Fmedia&parent=725"}],"curies":[{"name":"wp","href":"https:\/\/api.w.org\/{rel}","templated":true}]}}